{"id":584,"date":"2022-09-08T20:44:44","date_gmt":"2022-09-08T17:44:44","guid":{"rendered":"https:\/\/hotellaboheme.ro\/?page_id=584"},"modified":"2026-03-17T17:55:59","modified_gmt":"2026-03-17T14:55:59","slug":"restaurante-partenere","status":"publish","type":"page","link":"https:\/\/hotellaboheme.ro\/residence\/restaurante-partenere\/","title":{"rendered":"Restaurante partenere"},"content":{"rendered":"<section class=\"wpb-content-wrapper\"><p>[vc_row full_width=&#8221;stretch_row_content&#8221; content_placement=&#8221;middle&#8221; css=&#8221;.vc_custom_1664288298197{padding-top: 150px !important;padding-bottom: 150px !important;background-image: url(https:\/\/hotellaboheme.ro\/wp-content\/uploads\/2022\/09\/rest-partenere.jpg?id=949) !important;background-position: center !important;background-repeat: no-repeat !important;background-size: cover !important;}&#8221;][vc_column parallax=&#8221;content-moving&#8221; parallax_image=&#8221;949&#8243; css=&#8221;.vc_custom_1773759336077{padding-top: 150px !important;padding-bottom: 150px !important;}&#8221;][vc_column_text el_class=&#8221;page-title&#8221;]<\/p>\n<h1 style=\"text-align: center; color: #fff;\"><span style=\"color: #ffffff;\"><strong>Restaurante partenere<\/strong><\/span><\/h1>\n<p>[\/vc_column_text][\/vc_column][\/vc_row][vc_row el_class=&#8221;sohohotel-content-inner&#8221; css=&#8221;.vc_custom_1664288278555{margin-top: 30px !important;}&#8221;][vc_column][vc_single_image image=&#8221;1511&#8243; alignment=&#8221;center&#8221; onclick=&#8221;custom_link&#8221; img_link_target=&#8221;_blank&#8221; link=&#8221;https:\/\/hanuberarilor.ro\/ro&#8221; el_class=&#8221;no-margin&#8221;][vc_column_text]\ud83d\udccdDin anul 2009, casa <strong>Oprea Soare<\/strong> g\u0103zduie\u0219te ber\u0103ria gastronomic\u0103 Hanu&#8217; Berarilor, care are o capacitate de 800 de locuri \u0219i un meniu variat, format din produse cu specific tradi\u021bional rom\u00e2nesc care se \u00eembin\u0103 cu buc\u0103t\u0103ria de actualitate. Din preparatele disponibile se g\u0103sesc gust\u0103ri pitore\u0219ti, de la platouri reci p\u00e2n\u0103 la exclusivistul purcelu\u0219 la pro\u0163ap. Hanul continu\u0103 tradi\u021bia bucatelor alese, promi\u021b\u00e2nd voie bun\u0103 pentru to\u021bi cei care \u00eei trec pragul.<\/p>\n<p>\ud83d\udccd Ber\u0103rie Gastronomic\u0103 din centrul Bucure\u0219tiului, Hanu\u2019 Berarilor \u2013 <strong>Casa Elena Lupescu<\/strong> este ber\u0103ria pe care to\u021bi o caut\u0103. Berea este din belsug, gr\u0103tarele sunt mereu pline de c\u0103rnuri, iar voia bun\u0103 este la ea acas\u0103. Casa Lupescu \u00eenc\u00e2nt\u0103 prin personalitatea arhitectural\u0103 \u00eendr\u0103zne\u0163\u0103, adaptat\u0103 condi\u021biilor actuale.<\/p>\n<p>\ud83d\udccd Situat \u00eentr-o zon\u0103 \u00eenc\u0103rcat\u0103 de istorie, <strong>Hanu\u2019 Berarilor Uranus<\/strong> te \u00eent\u00e2mpin\u0103 cu farmecul boem al Bucure\u0219tiului interbelic \u0219i o teras\u0103 spectaculoas\u0103. Aici, osp\u0103\u021bul este la el acas\u0103: gr\u0103tarele sf\u00e2r\u00e2ie ne\u00eencetat, iar berea rece curge din bel\u0219ug \u00een saloane cu arhitectur\u0103 monumental\u0103. Este locul perfect unde tradi\u021bia rom\u00e2neasc\u0103 se \u00eent\u00e2lne\u0219te cu buna dispozi\u021bie, invit\u00e2ndu-te s\u0103 ui\u021bi de griji la o por\u021bie de mici suculen\u021bi \u0219i o halb\u0103 spumoas\u0103. Sfatul Berarului: \u201eSavura\u021bi atmosfera de s\u0103rb\u0103toare sub cerul liber al gr\u0103dinii noastre!\u201d<\/p>\n<p>Cu o atmosfer\u0103 destins\u0103, relaxant\u0103, at\u00e2t saloanele interioare c\u00e2t \u0219i gr\u0103dinile ber\u0103riei Hanu&#8217; Berarilor, v\u0103 \u00eent\u00e2mpin\u0103 cu acea atmosfer\u0103 de &#8222;hai s\u0103 mai bem o bere \u0219i s\u0103 nu mai vorbim de munc\u0103&#8221;. Una din cele mai cunoscute ber\u0103rii din Bucure\u0219ti surprinde mereu prin varietatea gastronomic\u0103 oferit\u0103 dar \u0219i prin diferitele soiuri bine cunoscute de bere. Sfatul Berarului: \u201d\u00cencerca\u021bi Berea casei!\u201d Iar al M\u0103celarului: \u201dNu rata pulpele de ra\u021b\u0103 sau coastele suculente.\u201d<\/p>\n<p>Hanu\u2019 Berarilor este faimos de asemenea \u0219i pentru <strong><em>Fabrica de Papana\u0219i<\/em><\/strong>, faimo\u0219ii no\u0219tri papan\u0219i pot fi servi\u021bi cu dulcea\u021b\u0103 de vi\u0219ine sau afine, ambele f\u0103cute-n cas\u0103. Brutaru\u2019 \u00eei recomand\u0103.[\/vc_column_text][vc_separator][vc_empty_space height=&#8221;40px&#8221;][\/vc_column][\/vc_row][vc_row el_class=&#8221;sohohotel-content-inner&#8221;][vc_column][vc_single_image image=&#8221;468&#8243; alignment=&#8221;center&#8221; onclick=&#8221;custom_link&#8221; img_link_target=&#8221;_blank&#8221; link=&#8221;https:\/\/www.carucubere.ro\/&#8221; el_class=&#8221;no-margin&#8221;][vc_column_text]Cu o istorie de peste 140 de ani \u00een spate, Caru\u2019 cu bere a fost \u0219i este \u00een continuare un simbol al centrului istoric al Bucure\u0219tiului \u00eenc\u0103 de la 1879, fiind locul preferat de \u00eent\u00e2lnire at\u00e2t pentru bucure\u0219teni, c\u00e2t \u0219i pentru turi\u0219tii str\u0103ini, fie c\u0103 vorbim de oameni simpli sau de personalit\u0103\u021bi precum I.L. Caragiale, George Co\u0219buc, Prin\u021bul Mo\u0219tenitor al Japoniei sau trupa The Rolling Stones.<\/p>\n<p>Nun\u021bi, botezuri, cumetrii, chefuri, \u00eensufle\u0163ite de muzici vechi sau noi, d\u0103n\u021buitori de pe la noi \u0219i de peste m\u0103ri \u0219i \u021b\u0103ri! Un loc mai vesel \u0219i mai plin de via\u021b\u0103 nici c\u0103 vei mai g\u0103si! Tradi\u021bia poveste\u0219te c\u0103 \u00eenc\u0103 din vremurile \u00een care vestitul Mo\u0219 Ghi\u021b\u0103 \u00eent\u00e2mpina el \u00eensu\u0219i oaspe\u021bii cu nelipsitu-i felinar, cei ce ne c\u0103lcau pragul, mai c\u0103 nu mai voiau s\u0103 plece.<\/p>\n<p>Recomandarea Casei: nu rata\u021bi Specialitatea Casei, Berea Casei, faimosul Tomahawk sau ciorba de fasole-n p\u00e2ine.[\/vc_column_text][vc_separator][vc_empty_space height=&#8221;40px&#8221;][\/vc_column][\/vc_row][vc_row el_class=&#8221;sohohotel-content-inner&#8221;][vc_column][vc_single_image image=&#8221;469&#8243; alignment=&#8221;center&#8221; onclick=&#8221;custom_link&#8221; img_link_target=&#8221;_blank&#8221; link=&#8221;https:\/\/www.hanumanucrestaurant.ro\/ro\/&#8221; el_class=&#8221;no-margin&#8221;][vc_column_text]De dou\u0103 secole, este singurul han tradi\u0163ional func\u0163ional din Europa \u0219i d\u0103 pulsul Capitalei, servind drept restaurant, cafenea, cram\u0103 \u015fi chiar scen\u0103 de spectacole. Fie c\u0103 te afli \u00een c\u0103utarea unui local pentru un pr\u00e2nz boieresc, vrei s\u0103 organizezi o petrecere sau cau\u0163i pur \u015fi simplu un restaurant \u00een Bucure\u0219ti, elegant, unde s\u0103 ciocne\u015fti un pahar cu un prieten de n\u0103dejde, Hanu\u2019 lui Manuc te va primi mereu cu por\u0163ile deschise.<\/p>\n<p>Situat, nu \u00eent\u00e2mpl\u0103tor, \u00een inima t\u00e2rgului, chiar \u00een Centrul Vechi, la doi pa\u015fi de Pia\u0163a Unirii, Hanu\u2019 lui Manuc \u00ee\u015fi respect\u0103 statutul de han domnesc. Cele mai fascinante pove\u015fti ale Micului Paris s-au \u00eenfiripat dintotdeauna \u00een centrul ora\u015fului, dar parc\u0103 niciunde mai viu dec\u00e2t pe str\u0103zile Lipscanilor. De la aventuri cu haidcui, comori, boieri \u015fi domni\u0163e, p\u00e2n\u0103 la roman\u0163e \u015fi chiar tratative istorice, hanul a fost martor la toate, ba pe unele le-a \u015fi g\u0103zduit.<\/p>\n<p>La Manuc, preparatele din miel sunt puse la loc de cinste \u0219i sfatul lui Manuc este s\u0103 nu ratezi ciolanul de miel flambat. Este un adev\u0103rat spectacol.[\/vc_column_text][vc_separator][vc_empty_space height=&#8221;40px&#8221;][\/vc_column][\/vc_row][vc_row el_class=&#8221;sohohotel-content-inner&#8221;][vc_column][vc_single_image image=&#8221;470&#8243; alignment=&#8221;center&#8221; onclick=&#8221;custom_link&#8221; img_link_target=&#8221;_blank&#8221; link=&#8221;https:\/\/citygrill.ro\/ro\/&#8221; el_class=&#8221;no-margin&#8221;][vc_column_text]Povestea restaurantului City Grill \u00eencepe \u00een mai 2004, din dorin\u021ba de a crea un spa\u021biu prietenos, \u00een care at\u00e2t rom\u00e2nii, c\u00e2t \u0219i colaboratorii lor str\u0103ini s\u0103 se simt\u0103 r\u0103sf\u0103\u021ba\u021bi.<\/p>\n<p>Restaurantele City Grill prezint\u0103 o varietate de mici gusto\u0219i \u0219i cu \u2018\u2019\u0219taif\u2019\u2019, pentru toate gusturile: Micii lui Iordache, Mici de Lehliu Gar\u0103, de Obor sau de Medgidia, care au \u00een compozi\u021bie carne de porc, de vit\u0103 \u0219i oaie sau miel.<\/p>\n<p>Cunoscu\u021bi pentru creativitate lor, rom\u00e2nii au descoperit micii \u00eent\u00e2mpl\u0103tor. Legenda spune c\u0103 grataragiul Iordache a r\u0103mas f\u0103r\u0103 \u00eenveli\u0219ul pentru c\u00e2rna\u021bi \u0219i a pus compozi\u021bia direct pe gr\u0103tar. A\u0219a au luat na\u0219tere mititeii, boteza\u021bi chiar de un client al localului, faimosul umorist al secolului XX, N.T. Or\u0103\u015fanu, iar City Grill duce re\u021beta mai departe.[\/vc_column_text][vc_separator][vc_empty_space height=&#8221;40px&#8221;][\/vc_column][\/vc_row][vc_row el_class=&#8221;sohohotel-content-inner&#8221;][vc_column][vc_single_image image=&#8221;471&#8243; alignment=&#8221;center&#8221; onclick=&#8221;custom_link&#8221; img_link_target=&#8221;_blank&#8221; link=&#8221;https:\/\/trattoriabuongiorno.ro\/ro\/&#8221; el_class=&#8221;no-margin&#8221;][vc_column_text]Buongiorno Italian este un restaurant din Bucure\u0219ti cu specific Mediteranean. M\u00e2nc\u0103rurile din meniul restaurantelor Buongiorno te invit\u0103 s\u0103 faci o c\u0103l\u0103torie culinar\u0103 \u00een zona Mediteranean\u0103, cu accent pe Italia, \u021bara pastelor \u0219i a pizzei napoletane.<\/p>\n<p>\u00cen restaurantele Buongiorno Italian din Bucure\u0219ti, po\u021bi alege din foarte multe feluri de paste, pizza sau fructe de mare atent preg\u0103tite, al\u0103turi de un vin din zone ale Italiei recunoscute pentru aceast\u0103 licoare, denumit\u0103 \u0219i tar\u0103 a celor 500 de soiuri de struguri. De asemenea, po\u021bi degusta delicioase deserturi, printre care nelipsitul Tiramisu italian.<\/p>\n<p>Pe scurt, Buongiorno este un restaurant din Bucure\u0219ti \u00een care vei g\u0103si \u00eentotdeauna o mul\u021bime de feluri de m\u00e2ncare specifice buc\u0103t\u0103riei italiene, \u00eentr-o atmosfer\u0103 romantic\u0103 specific\u0103 tradi\u021biei italiene.<\/p>\n<p>Buongiorno Italian are 3 loca\u021bii \u00een Bucure\u0219ti: Restaurant Buongiorno Italian Victoriei\/ Prim\u0103verii\/ B\u0103neasa \u0219i un Restaurant Buongiorno Italian- Aeroportul Interna\u021bional Henri Coand\u0103.[\/vc_column_text][vc_separator][vc_empty_space height=&#8221;40px&#8221;][\/vc_column][\/vc_row][vc_row el_class=&#8221;sohohotel-content-inner&#8221;][vc_column][vc_single_image image=&#8221;473&#8243; alignment=&#8221;center&#8221; onclick=&#8221;custom_link&#8221; img_link_target=&#8221;_blank&#8221; link=&#8221;https:\/\/restaurantpescarus.ro\/ro\/&#8221; el_class=&#8221;no-margin&#8221;][vc_column_text]Restaurantul Pesc\u0103ru\u0219 este primul restaurant din Parcul Regele Mihai I, din Bucure\u0219ti. Proiectat \u00een 1938 de doi arhitec\u021bi renumi\u021bi, Horia Creang\u0103, nepotul scriitorului Ion Creang\u0103 \u0219i Haralamb Georgescu, localul a fost al\u0103turi de bucure\u0219teni la bine \u0219i la greu, fiind martorul multor schimb\u0103ri politice, dar \u0219i locul \u00een care mereu s-au osp\u0103tat personalit\u0103\u021bi marcante din Rom\u00e2nia \u0219i din \u00eentreaga lume. I-am avut oaspe\u021bi pe regele Spaniei \u2013 Juan Carlos, fostul pre\u0219edinte al Israelului \u2013 Shimon Peres sau Anatoli Karpov \u2013 marele maestru al \u0219ahului.<\/p>\n<p>Meniul s-a schimbat de-a lungul timpului \u00een func\u021bie de vremuri \u0219i tendin\u021be, av\u00e2nd acum specific pesc\u0103resc, fiind unul dintre pu\u021binele restaurante din Bucure\u0219ti unde se consuma preparate realizate din pe\u0219te proasp\u0103t. Re\u021betele sunt inspirate din porturile lumii, de aceea buc\u0103t\u0103ria este una portuar\u0103.<\/p>\n<p>Situat pe malul lacul, \u00een Parcul Regele Mihai, recent renovat, Pesc\u0103ru\u0219 Restaurant este unul dintre cele mai instagramabile locuri din Bucure\u0219ti.[\/vc_column_text][vc_separator][vc_empty_space height=&#8221;40px&#8221;][\/vc_column][\/vc_row][vc_row el_class=&#8221;sohohotel-content-inner&#8221;][vc_column][vc_single_image image=&#8221;472&#8243; alignment=&#8221;center&#8221; onclick=&#8221;custom_link&#8221; img_link_target=&#8221;_blank&#8221; link=&#8221;https:\/\/delivery.citygrill.ro\/ro&#8221; el_class=&#8221;no-margin&#8221;][vc_column_text]City Grill Delivery poate fi la \u00eendem\u00e2n\u0103, \u00een cazul \u00een care nu ai timp s\u0103 ie\u0219i \u00een ora\u0219 \u0219i dore\u0219ti o sear\u0103 relaxant\u0103 \u00een camera hotelului. Promisiunea acestui serviciu de delivery este livrarea \u00een maxim 45 minute. \u00cen meniu reg\u0103si\u021bi produse delicioase, s\u0103n\u0103toase g\u0103tite f\u0103r\u0103 conservan\u021bi.[\/vc_column_text][vc_empty_space height=&#8221;40px&#8221;][\/vc_column][\/vc_row]<\/p>\n<\/section>","protected":false},"excerpt":{"rendered":"<p>[vc_row full_width=&#8221;stretch_row_content&#8221; content_placement=&#8221;middle&#8221; css=&#8221;.vc_custom_1664288298197{padding-top: 150px !important;padding-bottom: 150px !important;background-image: url(https:\/\/hotellaboheme.ro\/wp-content\/uploads\/2022\/09\/rest-partenere.jpg?id=949) !important;background-position: center !important;background-repeat: no-repeat !important;background-size: cover !important;}&#8221;][vc_column parallax=&#8221;content-moving&#8221; parallax_image=&#8221;949&#8243; css=&#8221;.vc_custom_1773759336077{padding-top: 150px !important;padding-bottom: 150px !important;}&#8221;][vc_column_text el_class=&#8221;page-title&#8221;] Restaurante partenere [\/vc_column_text][\/vc_column][\/vc_row][vc_row el_class=&#8221;sohohotel-content-inner&#8221; css=&#8221;.vc_custom_1664288278555{margin-top: 30px !important;}&#8221;][vc_column][vc_single_image image=&#8221;1511&#8243; alignment=&#8221;center&#8221; onclick=&#8221;custom_link&#8221; img_link_target=&#8221;_blank&#8221; link=&#8221;https:\/\/hanuberarilor.ro\/ro&#8221; el_class=&#8221;no-margin&#8221;][vc_column_text]\ud83d\udccdDin anul 2009, casa Oprea Soare g\u0103zduie\u0219te ber\u0103ria gastronomic\u0103 Hanu&#8217; Berarilor, care are o capacitate de 800 de locuri<\/p>\n<a href=\"https:\/\/hotellaboheme.ro\/residence\/restaurante-partenere\/\" class=\"sohohotel-more-link\">Cite\u0219te mai mult<\/a>","protected":false},"author":1,"featured_media":0,"parent":0,"menu_order":0,"comment_status":"closed","ping_status":"closed","template":"","meta":{"footnotes":""},"class_list":["post-584","page","type-page","status-publish","hentry"],"_links":{"self":[{"href":"https:\/\/hotellaboheme.ro\/residence\/wp-json\/wp\/v2\/pages\/584","targetHints":{"allow":["GET"]}}],"collection":[{"href":"https:\/\/hotellaboheme.ro\/residence\/wp-json\/wp\/v2\/pages"}],"about":[{"href":"https:\/\/hotellaboheme.ro\/residence\/wp-json\/wp\/v2\/types\/page"}],"author":[{"embeddable":true,"href":"https:\/\/hotellaboheme.ro\/residence\/wp-json\/wp\/v2\/users\/1"}],"replies":[{"embeddable":true,"href":"https:\/\/hotellaboheme.ro\/residence\/wp-json\/wp\/v2\/comments?post=584"}],"version-history":[{"count":12,"href":"https:\/\/hotellaboheme.ro\/residence\/wp-json\/wp\/v2\/pages\/584\/revisions"}],"predecessor-version":[{"id":1519,"href":"https:\/\/hotellaboheme.ro\/residence\/wp-json\/wp\/v2\/pages\/584\/revisions\/1519"}],"wp:attachment":[{"href":"https:\/\/hotellaboheme.ro\/residence\/wp-json\/wp\/v2\/media?parent=584"}],"curies":[{"name":"wp","href":"https:\/\/api.w.org\/{rel}","templated":true}]}}