{"id":1393,"date":"2024-07-10T17:33:40","date_gmt":"2024-07-10T14:33:40","guid":{"rendered":"https:\/\/hotellaboheme.ro\/residence\/?page_id=1393"},"modified":"2024-07-24T16:18:05","modified_gmt":"2024-07-24T13:18:05","slug":"pachete-therme","status":"publish","type":"page","link":"https:\/\/hotellaboheme.ro\/residence\/pachete-therme\/","title":{"rendered":"Pachete Therme"},"content":{"rendered":"<section class=\"wpb-content-wrapper\"><p>[vc_row][vc_column width=&#8221;1\/2&#8243;][vc_column_text]<\/p>\n<h1><\/h1>\n<h3><b>Descoper\u0103 Therme Bucure\u0219ti, cea mai exotic\u0103 destina\u021bie din Rom\u00e2nia!<\/b><\/h3>\n<p style=\"text-align: justify;\">Aflat la doar 5 minute distan\u021b\u0103, cu ma\u0219ina, de Hotel La Boheme Corbeanca si de Aeroportul Interna\u021bional Henri Coand\u0103, <span style=\"font-weight: 400;\">Therme Bucure\u0219ti<\/span> <span style=\"font-weight: 400;\">este<\/span> <span style=\"font-weight: 400;\">destina\u021bia perfect\u0103 pentru o vacan\u021b\u0103 memorabil\u0103 cu familia, partenerul sau prietenii. Deschis 365 de zile pe an, Therme Bucure\u0219ti este<\/span> <span style=\"font-weight: 400;\">cel mai mare complex de wellness, relaxare \u0219i entertainment din Europa, dar \u0219i cea mai mare gr\u0103din\u0103 botanic\u0103 indoor din Estul Europei, ad\u0103postind peste 1.500 de palmieri \u0219i 800.000 de specii de plante. Tot aici g\u0103se\u0219ti \u0219i cea mai mare plaj\u0103 urban\u0103 din Europa: Sands of Therme. De la inaugurarea \u00een ianuarie 2016, peste 8 milioane de vizitatori, din toate col\u021burile lumii, au vizitat Therme Bucure\u0219ti.<\/span><\/p>\n<p>[\/vc_column_text][\/vc_column][vc_column width=&#8221;1\/2&#8243;][vc_single_image image=&#8221;1446&#8243; img_size=&#8221;full&#8221; alignment=&#8221;center&#8221;][\/vc_column][\/vc_row][vc_row][vc_column width=&#8221;1\/2&#8243;][vc_single_image image=&#8221;1445&#8243; img_size=&#8221;full&#8221; alignment=&#8221;center&#8221;][\/vc_column][vc_column width=&#8221;1\/2&#8243;][vc_column_text]<\/p>\n<h1><\/h1>\n<h3><b>Vacan\u021ba ta \u00een fiecare zi, cu 3 zone de relaxare diferite<\/b><\/h3>\n<p style=\"text-align: justify;\"><span style=\"font-weight: 400;\">\u00cemp\u0103r\u021bit \u00een 3 zone distincte: Galaxy, The Palm \u0219i Elysium, Therme Bucure\u015fti ofer\u0103 zeci de atrac\u021bii \u0219i peste 45 de activit\u0103\u021bi \u0219i experien\u021be zilnice, incluse \u00een biletul de acces. Tr\u0103ie\u0219te o zi plin\u0103 de adrenalin\u0103 pe cel mai lung sistem de tobogane acvatice din Europa, r\u0103sfa\u021b\u0103-te printre palmieri, cu un cocktail \u00een piscinele exterioare cu ap\u0103 termal\u0103 \u0219i bucur\u0103-te de fiecare ritual vindec\u0103tor \u00een saunele tematice.\u00a0<\/span><\/p>\n<p>[\/vc_column_text][\/vc_column][\/vc_row][vc_row][vc_column][vc_empty_space][vc_column_text]<\/p>\n<h3><b>Galaxy &#8211; paradisul familiilor, iubitorilor de adrenalin\u0103 \u0219i distrac\u021bie<\/b><\/h3>\n<p>[\/vc_column_text]<div class=\"flexslider\"><ul class=\"slides\"><li><div class=\"sohohotel-slider-overlay\" ><\/div><img decoding=\"async\" src=\"https:\/\/hotellaboheme.ro\/residence\/wp-content\/uploads\/2024\/07\/ThermeMedia-04664.jpg\" alt=\"\" \/><\/li><li><div class=\"sohohotel-slider-overlay\" ><\/div><img decoding=\"async\" src=\"https:\/\/hotellaboheme.ro\/residence\/wp-content\/uploads\/2024\/07\/Single-Zona-THE-PALM-product-2.png\" alt=\"\" \/><\/li><li><div class=\"sohohotel-slider-overlay\" ><\/div><img decoding=\"async\" src=\"https:\/\/hotellaboheme.ro\/residence\/wp-content\/uploads\/2024\/07\/Single-Zona-THE-PALM-product-3.jpg\" alt=\"\" \/><\/li><li><div class=\"sohohotel-slider-overlay\" ><\/div><img decoding=\"async\" src=\"https:\/\/hotellaboheme.ro\/residence\/wp-content\/uploads\/2024\/07\/Single-Zona-THE-PALM-product-4.jpg\" alt=\"\" \/><\/li><\/ul><\/div>[vc_empty_space][vc_column_text]<\/p>\n<p style=\"text-align: justify;\"><span style=\"font-weight: 400;\">Zona Galaxy garanteaz\u0103 o zi plin\u0103 de distrac\u021bie pentru cei mici \u0219i relaxare deplin\u0103 pentru p\u0103rin\u021bi. Distreaz\u0103-te c\u00e2t e ziua de lung\u0103 pe cel mai lung sistem de tobogane indoor din Europa: peste 1.7 km, cu 17 tobogane acvatice de diferite dimensiuni \u0219i grade de dificultate. A zis cineva valuri? Cea mai mare piscin\u0103 cu valuri din Rom\u00e2nia o g\u0103se\u0219ti tot \u00een Galaxy. P\u0103rin\u021bii pot g\u0103si aici o zon\u0103 dedicat\u0103 de relaxare &#8211; Galaxy Relax, cu paturi cu hidromasaj, pool bar, paturi cu infraro\u015fu \u015fi 3 saune umede cu ritualuri de \u00eenfrumuse\u021bare. \u00cen plus, \u00een restaurantul The Greens, te po\u021bi delecta cu preparate adorate de cei mici \u0219i mari.<\/span><\/p>\n<p>[\/vc_column_text][\/vc_column][\/vc_row][vc_row][vc_column][vc_empty_space][vc_column_text]<\/p>\n<h3><b>The Palm &#8211; o oaz\u0103 de relaxare printre palmieri \u0219i piscine termale<\/b><\/h3>\n<p>[\/vc_column_text]<div class=\"flexslider\"><ul class=\"slides\"><li><div class=\"sohohotel-slider-overlay\" ><\/div><img decoding=\"async\" src=\"https:\/\/hotellaboheme.ro\/residence\/wp-content\/uploads\/2024\/07\/ThermeMedia-04832.jpg\" alt=\"\" \/><\/li><li><div class=\"sohohotel-slider-overlay\" ><\/div><img decoding=\"async\" src=\"https:\/\/hotellaboheme.ro\/residence\/wp-content\/uploads\/2024\/07\/Single-Zona-THE-PALM-product-2.png\" alt=\"\" \/><\/li><li><div class=\"sohohotel-slider-overlay\" ><\/div><img decoding=\"async\" src=\"https:\/\/hotellaboheme.ro\/residence\/wp-content\/uploads\/2024\/07\/Single-Zona-THE-PALM-product-3.jpg\" alt=\"\" \/><\/li><li><div class=\"sohohotel-slider-overlay\" ><\/div><img decoding=\"async\" src=\"https:\/\/hotellaboheme.ro\/residence\/wp-content\/uploads\/2024\/07\/Single-Zona-THE-PALM-product-4.jpg\" alt=\"\" \/><\/li><\/ul><\/div>[vc_empty_space][vc_column_text]<\/p>\n<p style=\"text-align: justify;\"><span style=\"font-weight: 400;\">Descoper\u0103 cea mai instagramabil\u0103 zon\u0103 Therme. \u00cen The Palm te relaxezi c\u00e2t dore\u0219ti \u00een piscina interioar\u0103 \u0219i exterioar\u0103 cu ap\u0103 termal\u0103, jacuzzi \u0219i pool bar. Ai 3 piscine \u00eembog\u0103\u021bite cu s\u0103ruri \u0219i minerale: Sare de la Marea Moart\u0103, Litiu, Calciu \u0219i Magneziu, dar \u0219i paturi cu hidromasaj pentru relaxare deplin\u0103. Restaurantul Humboldt cu specific interna\u021bional e gata s\u0103-\u021bi r\u0103sfe\u021be papilele cu bun\u0103t\u0103\u021bi din toate col\u021burile lumii. Tot \u00een zona The Palm, dar \u00een exterior, g\u0103se\u0219ti Sands of Therme, cea mai mare plaj\u0103 urban\u0103 din Europa, cu piscin\u0103, pool bar, nisip \u0219i briza st\u0103rii de bine.<\/span><\/p>\n<p>[\/vc_column_text][\/vc_column][\/vc_row][vc_row][vc_column][vc_empty_space][vc_column_text]<\/p>\n<h3><b>Elysium &#8211; wellbeing \u0219i s\u0103n\u0103tate la cel mai \u00eenalt nivel<\/b><\/h3>\n<p>[\/vc_column_text]<div class=\"flexslider\"><ul class=\"slides\"><li><div class=\"sohohotel-slider-overlay\" ><\/div><img decoding=\"async\" src=\"https:\/\/hotellaboheme.ro\/residence\/wp-content\/uploads\/2024\/07\/Single-Zona-THE-PALM-product-1.jpg\" alt=\"\" \/><\/li><li><div class=\"sohohotel-slider-overlay\" ><\/div><img decoding=\"async\" src=\"https:\/\/hotellaboheme.ro\/residence\/wp-content\/uploads\/2024\/07\/Single-Zona-THE-PALM-product-2.png\" alt=\"\" \/><\/li><li><div class=\"sohohotel-slider-overlay\" ><\/div><img decoding=\"async\" src=\"https:\/\/hotellaboheme.ro\/residence\/wp-content\/uploads\/2024\/07\/Single-Zona-THE-PALM-product-3.jpg\" alt=\"\" \/><\/li><li><div class=\"sohohotel-slider-overlay\" ><\/div><img decoding=\"async\" src=\"https:\/\/hotellaboheme.ro\/residence\/wp-content\/uploads\/2024\/07\/Single-Zona-THE-PALM-product-4.jpg\" alt=\"\" \/><\/li><li><div class=\"sohohotel-slider-overlay\" ><\/div><img decoding=\"async\" src=\"https:\/\/hotellaboheme.ro\/residence\/wp-content\/uploads\/2024\/07\/Therme_Media-04047.jpg\" alt=\"\" \/><\/li><li><div class=\"sohohotel-slider-overlay\" ><\/div><img decoding=\"async\" src=\"https:\/\/hotellaboheme.ro\/residence\/wp-content\/uploads\/2024\/07\/Therme_Media_-19.jpg\" alt=\"\" \/><\/li><li><div class=\"sohohotel-slider-overlay\" ><\/div><img decoding=\"async\" src=\"https:\/\/hotellaboheme.ro\/residence\/wp-content\/uploads\/2024\/07\/ThermeMedia-04736.jpg\" alt=\"\" \/><\/li><li><div class=\"sohohotel-slider-overlay\" ><\/div><img decoding=\"async\" src=\"https:\/\/hotellaboheme.ro\/residence\/wp-content\/uploads\/2024\/07\/Therme_Media-04159.jpg\" alt=\"\" \/><\/li><\/ul><\/div>[vc_empty_space][vc_column_text]<\/p>\n<p style=\"text-align: justify;\"><span style=\"font-weight: 400;\">Zona Elysium ridic\u0103 \u0219tacheta wellbeing-ului \u0219i st\u0103rii de bine la cel mai \u00eenalt nivel! Relaxeaz\u0103-te \u00een cele 6 saune tematice cu zeci de ritualuri wellness, infuzii \u0219i momente speciale Aufguss. S\u0103n\u0103tatea vine la pachet cu documentare wild life \u00een singura saun\u0103 cinematograf din Rom\u00e2nia (Hollywood), iar sauna salin\u0103 Himalaya este perfect\u0103 pentru sesiuni \u0219i terapii cu aerosoli. The Mango Tree Restaurant, restaurant a la carte te invit\u0103 \u00eentr-o c\u0103l\u0103torie gastronomic\u0103 rafinat\u0103 \u00een buc\u0103t\u0103ria thai. Pentru masaje, tratamente \u0219i terapii de \u00eenfrumuse\u021bare, e\u0219ti a\u0219teptat la recep\u021bia #InstantWellness pentru o programare.<\/span><\/p>\n<p>[\/vc_column_text][\/vc_column][\/vc_row][vc_row][vc_column]<div class=\"flexslider\"><ul class=\"slides\"><\/ul><\/div>[\/vc_column][\/vc_row][vc_row][vc_column][vc_column_text css=&#8221;.vc_custom_1721290122104{padding-top: 20px !important;padding-right: 20px !important;padding-bottom: 20px !important;padding-left: 20px !important;background-color: #8a2432 !important;border-radius: 10px !important;}&#8221;]<\/p>\n<h2 style=\"text-align: center;\"><a href=\"https:\/\/hotellaboheme.ro\/residence\/wp-content\/uploads\/2024\/07\/Tarife-pachete-Therme.pdf\"><span style=\"color: #ffffff;\"><span style=\"font-weight: 400;\">Vezi oferta noastr\u0103!<\/span><\/span><\/a><\/h2>\n<p>[\/vc_column_text][\/vc_column][\/vc_row]<\/p>\n<\/section>","protected":false},"excerpt":{"rendered":"<p>[vc_row][vc_column width=&#8221;1\/2&#8243;][vc_column_text] Descoper\u0103 Therme Bucure\u0219ti, cea mai exotic\u0103 destina\u021bie din Rom\u00e2nia! Aflat la doar 5 minute distan\u021b\u0103, cu ma\u0219ina, de Hotel La Boheme Corbeanca si de Aeroportul Interna\u021bional Henri Coand\u0103, Therme Bucure\u0219ti este destina\u021bia perfect\u0103 pentru o vacan\u021b\u0103 memorabil\u0103 cu familia, partenerul sau prietenii. Deschis 365 de zile pe an, Therme Bucure\u0219ti este cel mai<\/p>\n<a href=\"https:\/\/hotellaboheme.ro\/residence\/pachete-therme\/\" class=\"sohohotel-more-link\">Cite\u0219te mai mult<\/a>","protected":false},"author":1,"featured_media":1448,"parent":0,"menu_order":0,"comment_status":"closed","ping_status":"closed","template":"","meta":{"footnotes":""},"class_list":["post-1393","page","type-page","status-publish","has-post-thumbnail","hentry"],"_links":{"self":[{"href":"https:\/\/hotellaboheme.ro\/residence\/wp-json\/wp\/v2\/pages\/1393","targetHints":{"allow":["GET"]}}],"collection":[{"href":"https:\/\/hotellaboheme.ro\/residence\/wp-json\/wp\/v2\/pages"}],"about":[{"href":"https:\/\/hotellaboheme.ro\/residence\/wp-json\/wp\/v2\/types\/page"}],"author":[{"embeddable":true,"href":"https:\/\/hotellaboheme.ro\/residence\/wp-json\/wp\/v2\/users\/1"}],"replies":[{"embeddable":true,"href":"https:\/\/hotellaboheme.ro\/residence\/wp-json\/wp\/v2\/comments?post=1393"}],"version-history":[{"count":30,"href":"https:\/\/hotellaboheme.ro\/residence\/wp-json\/wp\/v2\/pages\/1393\/revisions"}],"predecessor-version":[{"id":1456,"href":"https:\/\/hotellaboheme.ro\/residence\/wp-json\/wp\/v2\/pages\/1393\/revisions\/1456"}],"wp:featuredmedia":[{"embeddable":true,"href":"https:\/\/hotellaboheme.ro\/residence\/wp-json\/wp\/v2\/media\/1448"}],"wp:attachment":[{"href":"https:\/\/hotellaboheme.ro\/residence\/wp-json\/wp\/v2\/media?parent=1393"}],"curies":[{"name":"wp","href":"https:\/\/api.w.org\/{rel}","templated":true}]}}