{"id":70,"date":"2022-06-28T10:33:56","date_gmt":"2022-06-28T07:33:56","guid":{"rendered":"https:\/\/hotellaboheme.ro\/index.php\/accommodation-ii-3-columns\/"},"modified":"2024-01-09T17:34:04","modified_gmt":"2024-01-09T14:34:04","slug":"camere","status":"publish","type":"page","link":"https:\/\/hotellaboheme.ro\/casa-oprea-soare\/camere\/","title":{"rendered":"Camere"},"content":{"rendered":"<section class=\"wpb-content-wrapper\"><p>[vc_row full_width=&#8221;stretch_row_content&#8221; content_placement=&#8221;middle&#8221; css=&#8221;.vc_custom_1704810843766{padding-top: 150px !important;padding-bottom: 150px !important;background-image: url(https:\/\/hotellaboheme.ro\/casa-oprea-soare\/wp-content\/uploads\/2022\/09\/camere.jpg?id=933) !important;background-position: center !important;background-repeat: no-repeat !important;background-size: cover !important;}&#8221;][vc_column][vc_column_text]<\/p>\n<h1 style=\"text-align: center; color: #fff;\"><strong>Camere<\/strong><\/h1>\n<p>[\/vc_column_text][\/vc_column][\/vc_row][vc_row css=&#8221;.vc_custom_1664286950332{margin-top: 30px !important;}&#8221;][vc_column][vc_column_text]<\/p>\n<p style=\"text-align: center;\">At\u00e2t camerele c\u00e2t \u0219i apartamentele disponibile sunt \u00eenv\u0103luite \u00een aerul misterios al atmosferei boeme pe care o puteai \u00eent\u00e2lni \u00een urm\u0103 cu ceva timp \u00een Micul Paris.<\/p>\n<p>[\/vc_column_text]\t\t\n\t\t\t\t\n\t\t<!-- BEGIN .shb-accommodation-listing-style-2 -->\n\t\t<div class=\"shb-accommodation-listing-style-2 shb-accommodation-listing-style-2-columns-2\">\n\t\t\t\n\t\t\t\t\n\t\t\t<!-- BEGIN .shb-accommodation-listing-item -->\n\t\t\t<div class=\"shb-accommodation-listing-item\">\n\t\t\t\t\n\t\t\t\t<div class=\"shb-accommodation-listing-image\">\n\t\t\t\t\t\n\t\t\t\t\t<!--<a href=\"https:\/\/hotellaboheme.ro\/casa-oprea-soare\/accommodation\/dubla-cu-sofa\/\" rel=\"bookmark\" class=\"shb-accommodation-listing-button1\"><\/a>-->\n\t\t\t\t\t\n\t\t\t\t\t\t\t\t\t\t\t\t\t\t\t<a href=\"https:\/\/hotellaboheme.ro\/casa-oprea-soare\/accommodation\/dubla-cu-sofa\/\" rel=\"bookmark\">\n\t\t\t\t\t\t<img decoding=\"async\" src=\"https:\/\/hotellaboheme.ro\/casa-oprea-soare\/wp-content\/uploads\/2022\/06\/DBL-wSofa-1180x710.jpg\" alt=\"Dubl\u0103 cu sofa\" \/>\t\t\t\t\t<\/a>\n\t\t\t\t\t\t\t\t\t\t\n\t\t\t\t<\/div>\n\t\t\t\t\n\t\t\t\t<div class=\"shb-accommodation-listing-description-wrapper\">\n\t\t\t\t\n\t\t\t\t\t<h3><a href=\"https:\/\/hotellaboheme.ro\/casa-oprea-soare\/accommodation\/dubla-cu-sofa\/\" rel=\"bookmark\" title=\"Dubl\u0103 cu sofa\">Dubl\u0103 cu sofa<\/a><\/h3>\n\t\t\t\t\n\t\t\t\t\t<div class=\"shb-accommodation-listing-description shb-clearfix\">\n\t\t\t\t\t\n\t\t\t\t\t\t<ul>\r\n<li><i class=\"fas fa-user\"><\/i><span>Capacitate:<\/span> 3 adul\u021bi \u0219i 1 copil<\/li>\r\n<li><i class=\"fas fa-ruler-combined\"><\/i><span>Suprafa\u021b\u0103:<\/span> 21 mp<\/li>\r\n<li><i class=\"fas fa-binoculars\"><\/i><span>Vedere:<\/span> Terasa restaurantului Hanu' Berarilor<\/li>\r\n<\/ul>\t\t\t\t\t\n\t\t\t\t\t<\/div>\n\t\t\t\t\n\t\t\t\t<\/div>\n\t\t\t\t\n\t\t\t<!-- END .shb-accommodation-listing-item -->\n\t\t\t<\/div>\n\t\t\n\t\t\t\t\n\t\t\t<!-- BEGIN .shb-accommodation-listing-item -->\n\t\t\t<div class=\"shb-accommodation-listing-item\">\n\t\t\t\t\n\t\t\t\t<div class=\"shb-accommodation-listing-image\">\n\t\t\t\t\t\n\t\t\t\t\t<!--<a href=\"https:\/\/hotellaboheme.ro\/casa-oprea-soare\/en\/accommodation\/double-superior\/\" rel=\"bookmark\" class=\"shb-accommodation-listing-button1\"><\/a>-->\n\t\t\t\t\t\n\t\t\t\t\t\t\t\t\t\t\t\t\t\t\t<a href=\"https:\/\/hotellaboheme.ro\/casa-oprea-soare\/en\/accommodation\/double-superior\/\" rel=\"bookmark\">\n\t\t\t\t\t\t<img decoding=\"async\" src=\"https:\/\/hotellaboheme.ro\/casa-oprea-soare\/wp-content\/uploads\/2022\/12\/2-3-1180x710.jpg\" alt=\"Double superior\" \/>\t\t\t\t\t<\/a>\n\t\t\t\t\t\t\t\t\t\t\n\t\t\t\t<\/div>\n\t\t\t\t\n\t\t\t\t<div class=\"shb-accommodation-listing-description-wrapper\">\n\t\t\t\t\n\t\t\t\t\t<h3><a href=\"https:\/\/hotellaboheme.ro\/casa-oprea-soare\/en\/accommodation\/double-superior\/\" rel=\"bookmark\" title=\"Double superior\">Double superior<\/a><\/h3>\n\t\t\t\t\n\t\t\t\t\t<div class=\"shb-accommodation-listing-description shb-clearfix\">\n\t\t\t\t\t\n\t\t\t\t\t\t<ul>\r\n<li><i class=\"fas fa-user\"><\/i><span>Capacitate:<\/span> 2 adul\u021bi<\/li>\r\n<li><i class=\"fas fa-ruler-combined\"><\/i><span>Suprafa\u021b\u0103:<\/span> 21 mp<\/li>\r\n<li><i class=\"fas fa-binoculars\"><\/i><span>Vedere:<\/span> Terasa restaurantului Hanu' Berarilor<\/li>\r\n<\/ul>\t\t\t\t\t\n\t\t\t\t\t<\/div>\n\t\t\t\t\n\t\t\t\t<\/div>\n\t\t\t\t\n\t\t\t<!-- END .shb-accommodation-listing-item -->\n\t\t\t<\/div>\n\t\t\n\t\t\t\t\n\t\t\t<!-- BEGIN .shb-accommodation-listing-item -->\n\t\t\t<div class=\"shb-accommodation-listing-item\">\n\t\t\t\t\n\t\t\t\t<div class=\"shb-accommodation-listing-image\">\n\t\t\t\t\t\n\t\t\t\t\t<!--<a href=\"https:\/\/hotellaboheme.ro\/casa-oprea-soare\/accommodation\/duplex\/\" rel=\"bookmark\" class=\"shb-accommodation-listing-button1\"><\/a>-->\n\t\t\t\t\t\n\t\t\t\t\t\t\t\t\t\t\t\t\t\t\t<a href=\"https:\/\/hotellaboheme.ro\/casa-oprea-soare\/accommodation\/duplex\/\" rel=\"bookmark\">\n\t\t\t\t\t\t<img decoding=\"async\" src=\"https:\/\/hotellaboheme.ro\/casa-oprea-soare\/wp-content\/uploads\/2022\/06\/Duplex-1-1180x710.jpg\" alt=\"Duplex\" \/>\t\t\t\t\t<\/a>\n\t\t\t\t\t\t\t\t\t\t\n\t\t\t\t<\/div>\n\t\t\t\t\n\t\t\t\t<div class=\"shb-accommodation-listing-description-wrapper\">\n\t\t\t\t\n\t\t\t\t\t<h3><a href=\"https:\/\/hotellaboheme.ro\/casa-oprea-soare\/accommodation\/duplex\/\" rel=\"bookmark\" title=\"Duplex\">Duplex<\/a><\/h3>\n\t\t\t\t\n\t\t\t\t\t<div class=\"shb-accommodation-listing-description shb-clearfix\">\n\t\t\t\t\t\n\t\t\t\t\t\t<ul>\r\n<li><i class=\"fas fa-user\"><\/i><span>Capacitate:<\/span> 4 adul\u021bi<\/li>\r\n<li><i class=\"fas fa-ruler-combined\"><\/i><span>Suprafa\u021b\u0103:<\/span> 25-30 mp<\/li>\r\n<li><i class=\"fas fa-binoculars\"><\/i><span>Vedere:<\/span> Terasa restaurantului Hanu' Berarilor<\/li>\r\n<\/ul>\t\t\t\t\t\n\t\t\t\t\t<\/div>\n\t\t\t\t\n\t\t\t\t<\/div>\n\t\t\t\t\n\t\t\t<!-- END .shb-accommodation-listing-item -->\n\t\t\t<\/div>\n\t\t\n\t\t\t\t\n\t\t\t<!-- BEGIN .shb-accommodation-listing-item -->\n\t\t\t<div class=\"shb-accommodation-listing-item\">\n\t\t\t\t\n\t\t\t\t<div class=\"shb-accommodation-listing-image\">\n\t\t\t\t\t\n\t\t\t\t\t<!--<a href=\"https:\/\/hotellaboheme.ro\/casa-oprea-soare\/en\/accommodation\/duplex-2\/\" rel=\"bookmark\" class=\"shb-accommodation-listing-button1\"><\/a>-->\n\t\t\t\t\t\n\t\t\t\t\t\t\t\t\t\t\t\t\t\t\t<a href=\"https:\/\/hotellaboheme.ro\/casa-oprea-soare\/en\/accommodation\/duplex-2\/\" rel=\"bookmark\">\n\t\t\t\t\t\t<img decoding=\"async\" src=\"https:\/\/hotellaboheme.ro\/casa-oprea-soare\/wp-content\/uploads\/2022\/09\/Duplex-1-1180x710.jpg\" alt=\"Duplex\" \/>\t\t\t\t\t<\/a>\n\t\t\t\t\t\t\t\t\t\t\n\t\t\t\t<\/div>\n\t\t\t\t\n\t\t\t\t<div class=\"shb-accommodation-listing-description-wrapper\">\n\t\t\t\t\n\t\t\t\t\t<h3><a href=\"https:\/\/hotellaboheme.ro\/casa-oprea-soare\/en\/accommodation\/duplex-2\/\" rel=\"bookmark\" title=\"Duplex\">Duplex<\/a><\/h3>\n\t\t\t\t\n\t\t\t\t\t<div class=\"shb-accommodation-listing-description shb-clearfix\">\n\t\t\t\t\t\n\t\t\t\t\t\t<ul>\r\n<li><i class=\"fas fa-user\"><\/i><span>Capacitate:<\/span> 4 adul\u021bi<\/li>\r\n<li><i class=\"fas fa-ruler-combined\"><\/i><span>Suprafa\u021b\u0103:<\/span> 25-30 mp<\/li>\r\n<li><i class=\"fas fa-binoculars\"><\/i><span>Vedere:<\/span> Terasa restaurantului Hanu' Berarilor<\/li>\r\n<\/ul>\t\t\t\t\t\n\t\t\t\t\t<\/div>\n\t\t\t\t\n\t\t\t\t<\/div>\n\t\t\t\t\n\t\t\t<!-- END .shb-accommodation-listing-item -->\n\t\t\t<\/div>\n\t\t\n\t\t\t\t\n\t\t\t<!-- BEGIN .shb-accommodation-listing-item -->\n\t\t\t<div class=\"shb-accommodation-listing-item\">\n\t\t\t\t\n\t\t\t\t<div class=\"shb-accommodation-listing-image\">\n\t\t\t\t\t\n\t\t\t\t\t<!--<a href=\"https:\/\/hotellaboheme.ro\/casa-oprea-soare\/accommodation\/dubla-deluxe\/\" rel=\"bookmark\" class=\"shb-accommodation-listing-button1\"><\/a>-->\n\t\t\t\t\t\n\t\t\t\t\t\t\t\t\t\t\t\t\t\t\t<a href=\"https:\/\/hotellaboheme.ro\/casa-oprea-soare\/accommodation\/dubla-deluxe\/\" rel=\"bookmark\">\n\t\t\t\t\t\t<img decoding=\"async\" src=\"https:\/\/hotellaboheme.ro\/casa-oprea-soare\/wp-content\/uploads\/2022\/06\/DBL-std-1-1180x710.jpg\" alt=\"Dubl\u0103 deluxe\" \/>\t\t\t\t\t<\/a>\n\t\t\t\t\t\t\t\t\t\t\n\t\t\t\t<\/div>\n\t\t\t\t\n\t\t\t\t<div class=\"shb-accommodation-listing-description-wrapper\">\n\t\t\t\t\n\t\t\t\t\t<h3><a href=\"https:\/\/hotellaboheme.ro\/casa-oprea-soare\/accommodation\/dubla-deluxe\/\" rel=\"bookmark\" title=\"Dubl\u0103 deluxe\">Dubl\u0103 deluxe<\/a><\/h3>\n\t\t\t\t\n\t\t\t\t\t<div class=\"shb-accommodation-listing-description shb-clearfix\">\n\t\t\t\t\t\n\t\t\t\t\t\t<ul>\r\n<li><i class=\"fas fa-user\"><\/i><span>Capacitate:<\/span> 2 adul\u021bi \u0219i 1 copil<\/li>\r\n<li><i class=\"fas fa-ruler-combined\"><\/i><span>Suprafa\u021b\u0103:<\/span> 21-27 mp<\/li>\r\n<li><i class=\"fas fa-binoculars\"><\/i><span>Vedere:<\/span> Terasa restaurantului Hanu' Berarilor<\/li>\r\n<\/ul>\t\t\t\t\t\n\t\t\t\t\t<\/div>\n\t\t\t\t\n\t\t\t\t<\/div>\n\t\t\t\t\n\t\t\t<!-- END .shb-accommodation-listing-item -->\n\t\t\t<\/div>\n\t\t\n\t\t\t\t\n\t\t\t<!-- BEGIN .shb-accommodation-listing-item -->\n\t\t\t<div class=\"shb-accommodation-listing-item\">\n\t\t\t\t\n\t\t\t\t<div class=\"shb-accommodation-listing-image\">\n\t\t\t\t\t\n\t\t\t\t\t<!--<a href=\"https:\/\/hotellaboheme.ro\/casa-oprea-soare\/en\/accommodation\/double-deluxe\/\" rel=\"bookmark\" class=\"shb-accommodation-listing-button1\"><\/a>-->\n\t\t\t\t\t\n\t\t\t\t\t\t\t\t\t\t\t\t\t\t\t<a href=\"https:\/\/hotellaboheme.ro\/casa-oprea-soare\/en\/accommodation\/double-deluxe\/\" rel=\"bookmark\">\n\t\t\t\t\t\t<img decoding=\"async\" src=\"https:\/\/hotellaboheme.ro\/casa-oprea-soare\/wp-content\/uploads\/2022\/09\/DBL-std-1-1180x710.jpg\" alt=\"Double deluxe\" \/>\t\t\t\t\t<\/a>\n\t\t\t\t\t\t\t\t\t\t\n\t\t\t\t<\/div>\n\t\t\t\t\n\t\t\t\t<div class=\"shb-accommodation-listing-description-wrapper\">\n\t\t\t\t\n\t\t\t\t\t<h3><a href=\"https:\/\/hotellaboheme.ro\/casa-oprea-soare\/en\/accommodation\/double-deluxe\/\" rel=\"bookmark\" title=\"Double deluxe\">Double deluxe<\/a><\/h3>\n\t\t\t\t\n\t\t\t\t\t<div class=\"shb-accommodation-listing-description shb-clearfix\">\n\t\t\t\t\t\n\t\t\t\t\t\t<ul>\r\n<li><i class=\"fas fa-user\"><\/i><span>Capacitate:<\/span> 2 adul\u021bi \u0219i 1 copil<\/li>\r\n<li><i class=\"fas fa-ruler-combined\"><\/i><span>Suprafa\u021b\u0103:<\/span> 21-27 mp<\/li>\r\n<li><i class=\"fas fa-binoculars\"><\/i><span>Vedere:<\/span> Terasa restaurantului Hanu' Berarilor<\/li>\r\n<\/ul>\t\t\t\t\t\n\t\t\t\t\t<\/div>\n\t\t\t\t\n\t\t\t\t<\/div>\n\t\t\t\t\n\t\t\t<!-- END .shb-accommodation-listing-item -->\n\t\t\t<\/div>\n\t\t\n\t\t\t\t\n\t\t\t<!-- BEGIN .shb-accommodation-listing-item -->\n\t\t\t<div class=\"shb-accommodation-listing-item\">\n\t\t\t\t\n\t\t\t\t<div class=\"shb-accommodation-listing-image\">\n\t\t\t\t\t\n\t\t\t\t\t<!--<a href=\"https:\/\/hotellaboheme.ro\/casa-oprea-soare\/en\/accommodation\/single-small\/\" rel=\"bookmark\" class=\"shb-accommodation-listing-button1\"><\/a>-->\n\t\t\t\t\t\n\t\t\t\t\t\t\t\t\t\t\t\t\t\t\t<a href=\"https:\/\/hotellaboheme.ro\/casa-oprea-soare\/en\/accommodation\/single-small\/\" rel=\"bookmark\">\n\t\t\t\t\t\t<img decoding=\"async\" src=\"https:\/\/hotellaboheme.ro\/casa-oprea-soare\/wp-content\/uploads\/2022\/12\/1-1180x710.jpg\" alt=\"Single Small\" \/>\t\t\t\t\t<\/a>\n\t\t\t\t\t\t\t\t\t\t\n\t\t\t\t<\/div>\n\t\t\t\t\n\t\t\t\t<div class=\"shb-accommodation-listing-description-wrapper\">\n\t\t\t\t\n\t\t\t\t\t<h3><a href=\"https:\/\/hotellaboheme.ro\/casa-oprea-soare\/en\/accommodation\/single-small\/\" rel=\"bookmark\" title=\"Single Small\">Single Small<\/a><\/h3>\n\t\t\t\t\n\t\t\t\t\t<div class=\"shb-accommodation-listing-description shb-clearfix\">\n\t\t\t\t\t\n\t\t\t\t\t\t<ul>\r\n<li><i class=\"fas fa-user\"><\/i><span>Capacitate:<\/span> 1 adult<\/li>\r\n<li><i class=\"fas fa-ruler-combined\"><\/i><span>Suprafa\u021b\u0103:<\/span> 14 mp<\/li>\r\n<li><i class=\"fas fa-binoculars\"><\/i><span>Vedere:<\/span> Terasa restaurantului Hanu' Berarilor<\/li>\r\n<\/ul>\t\t\t\t\t\n\t\t\t\t\t<\/div>\n\t\t\t\t\n\t\t\t\t<\/div>\n\t\t\t\t\n\t\t\t<!-- END .shb-accommodation-listing-item -->\n\t\t\t<\/div>\n\t\t\n\t\t\t\t\n\t\t\t<!-- BEGIN .shb-accommodation-listing-item -->\n\t\t\t<div class=\"shb-accommodation-listing-item\">\n\t\t\t\t\n\t\t\t\t<div class=\"shb-accommodation-listing-image\">\n\t\t\t\t\t\n\t\t\t\t\t<!--<a href=\"https:\/\/hotellaboheme.ro\/casa-oprea-soare\/accommodation\/apartament\/\" rel=\"bookmark\" class=\"shb-accommodation-listing-button1\"><\/a>-->\n\t\t\t\t\t\n\t\t\t\t\t\t\t\t\t\t\t\t\t\t\t<a href=\"https:\/\/hotellaboheme.ro\/casa-oprea-soare\/accommodation\/apartament\/\" rel=\"bookmark\">\n\t\t\t\t\t\t<img decoding=\"async\" src=\"https:\/\/hotellaboheme.ro\/casa-oprea-soare\/wp-content\/uploads\/2022\/06\/APT-1180x710.jpg\" alt=\"Apartament\" \/>\t\t\t\t\t<\/a>\n\t\t\t\t\t\t\t\t\t\t\n\t\t\t\t<\/div>\n\t\t\t\t\n\t\t\t\t<div class=\"shb-accommodation-listing-description-wrapper\">\n\t\t\t\t\n\t\t\t\t\t<h3><a href=\"https:\/\/hotellaboheme.ro\/casa-oprea-soare\/accommodation\/apartament\/\" rel=\"bookmark\" title=\"Apartament\">Apartament<\/a><\/h3>\n\t\t\t\t\n\t\t\t\t\t<div class=\"shb-accommodation-listing-description shb-clearfix\">\n\t\t\t\t\t\n\t\t\t\t\t\t<ul>\r\n<li><i class=\"fas fa-user\"><\/i><span>Capacitate:<\/span> 3 adul\u021bi<\/li>\r\n<li><i class=\"fas fa-ruler-combined\"><\/i><span>Suprafa\u021b\u0103:<\/span> 36 mp<\/li>\r\n<li><i class=\"fas fa-binoculars\"><\/i><span>Vedere:<\/span> Terasa restaurantului Hanu' Berarilor<\/li>\r\n<\/ul>\t\t\t\t\t\n\t\t\t\t\t<\/div>\n\t\t\t\t\n\t\t\t\t<\/div>\n\t\t\t\t\n\t\t\t<!-- END .shb-accommodation-listing-item -->\n\t\t\t<\/div>\n\t\t\n\t\t\t\t\n\t\t\t<!-- BEGIN .shb-accommodation-listing-item -->\n\t\t\t<div class=\"shb-accommodation-listing-item\">\n\t\t\t\t\n\t\t\t\t<div class=\"shb-accommodation-listing-image\">\n\t\t\t\t\t\n\t\t\t\t\t<!--<a href=\"https:\/\/hotellaboheme.ro\/casa-oprea-soare\/en\/accommodation\/apartment\/\" rel=\"bookmark\" class=\"shb-accommodation-listing-button1\"><\/a>-->\n\t\t\t\t\t\n\t\t\t\t\t\t\t\t\t\t\t\t\t\t\t<a href=\"https:\/\/hotellaboheme.ro\/casa-oprea-soare\/en\/accommodation\/apartment\/\" rel=\"bookmark\">\n\t\t\t\t\t\t<img decoding=\"async\" src=\"https:\/\/hotellaboheme.ro\/casa-oprea-soare\/wp-content\/uploads\/2022\/09\/APT-1180x710.jpg\" alt=\"Apartment\" \/>\t\t\t\t\t<\/a>\n\t\t\t\t\t\t\t\t\t\t\n\t\t\t\t<\/div>\n\t\t\t\t\n\t\t\t\t<div class=\"shb-accommodation-listing-description-wrapper\">\n\t\t\t\t\n\t\t\t\t\t<h3><a href=\"https:\/\/hotellaboheme.ro\/casa-oprea-soare\/en\/accommodation\/apartment\/\" rel=\"bookmark\" title=\"Apartment\">Apartment<\/a><\/h3>\n\t\t\t\t\n\t\t\t\t\t<div class=\"shb-accommodation-listing-description shb-clearfix\">\n\t\t\t\t\t\n\t\t\t\t\t\t<ul>\r\n<li><i class=\"fas fa-user\"><\/i><span>Capacitate:<\/span> 3 adul\u021bi<\/li>\r\n<li><i class=\"fas fa-ruler-combined\"><\/i><span>Suprafa\u021b\u0103:<\/span> 36 mp<\/li>\r\n<li><i class=\"fas fa-binoculars\"><\/i><span>Vedere:<\/span> Terasa restaurantului Hanu' Berarilor<\/li>\r\n<\/ul>\t\t\t\t\t\n\t\t\t\t\t<\/div>\n\t\t\t\t\n\t\t\t\t<\/div>\n\t\t\t\t\n\t\t\t<!-- END .shb-accommodation-listing-item -->\n\t\t\t<\/div>\n\t\t\n\t\t\t\t\n\t\t\t<!-- BEGIN .shb-accommodation-listing-item -->\n\t\t\t<div class=\"shb-accommodation-listing-item\">\n\t\t\t\t\n\t\t\t\t<div class=\"shb-accommodation-listing-image\">\n\t\t\t\t\t\n\t\t\t\t\t<!--<a href=\"https:\/\/hotellaboheme.ro\/casa-oprea-soare\/accommodation\/dubla-superioara\/\" rel=\"bookmark\" class=\"shb-accommodation-listing-button1\"><\/a>-->\n\t\t\t\t\t\n\t\t\t\t\t\t\t\t\t\t\t\t\t\t\t<a href=\"https:\/\/hotellaboheme.ro\/casa-oprea-soare\/accommodation\/dubla-superioara\/\" rel=\"bookmark\">\n\t\t\t\t\t\t<img decoding=\"async\" src=\"https:\/\/hotellaboheme.ro\/casa-oprea-soare\/wp-content\/uploads\/2022\/12\/2-2-1180x710.jpg\" alt=\"Dubl\u0103 superioar\u0103\" \/>\t\t\t\t\t<\/a>\n\t\t\t\t\t\t\t\t\t\t\n\t\t\t\t<\/div>\n\t\t\t\t\n\t\t\t\t<div class=\"shb-accommodation-listing-description-wrapper\">\n\t\t\t\t\n\t\t\t\t\t<h3><a href=\"https:\/\/hotellaboheme.ro\/casa-oprea-soare\/accommodation\/dubla-superioara\/\" rel=\"bookmark\" title=\"Dubl\u0103 superioar\u0103\">Dubl\u0103 superioar\u0103<\/a><\/h3>\n\t\t\t\t\n\t\t\t\t\t<div class=\"shb-accommodation-listing-description shb-clearfix\">\n\t\t\t\t\t\n\t\t\t\t\t\t<ul>\r\n<li><i class=\"fas fa-user\"><\/i><span>Capacitate:<\/span> 2 adul\u021bi<\/li>\r\n<li><i class=\"fas fa-ruler-combined\"><\/i><span>Suprafa\u021b\u0103:<\/span> 21 mp<\/li>\r\n<li><i class=\"fas fa-binoculars\"><\/i><span>Vedere:<\/span> Terasa restaurantului Hanu' Berarilor<\/li>\r\n<\/ul>\t\t\t\t\t\n\t\t\t\t\t<\/div>\n\t\t\t\t\n\t\t\t\t<\/div>\n\t\t\t\t\n\t\t\t<!-- END .shb-accommodation-listing-item -->\n\t\t\t<\/div>\n\t\t\n\t\t\t\t\n\t\t\t<!-- BEGIN .shb-accommodation-listing-item -->\n\t\t\t<div class=\"shb-accommodation-listing-item\">\n\t\t\t\t\n\t\t\t\t<div class=\"shb-accommodation-listing-image\">\n\t\t\t\t\t\n\t\t\t\t\t<!--<a href=\"https:\/\/hotellaboheme.ro\/casa-oprea-soare\/en\/accommodation\/double-room-with-sofa\/\" rel=\"bookmark\" class=\"shb-accommodation-listing-button1\"><\/a>-->\n\t\t\t\t\t\n\t\t\t\t\t\t\t\t\t\t\t\t\t\t\t<a href=\"https:\/\/hotellaboheme.ro\/casa-oprea-soare\/en\/accommodation\/double-room-with-sofa\/\" rel=\"bookmark\">\n\t\t\t\t\t\t<img decoding=\"async\" src=\"https:\/\/hotellaboheme.ro\/casa-oprea-soare\/wp-content\/uploads\/2022\/09\/DBL-wSofa-1180x710.jpg\" alt=\"Double with sofa\" \/>\t\t\t\t\t<\/a>\n\t\t\t\t\t\t\t\t\t\t\n\t\t\t\t<\/div>\n\t\t\t\t\n\t\t\t\t<div class=\"shb-accommodation-listing-description-wrapper\">\n\t\t\t\t\n\t\t\t\t\t<h3><a href=\"https:\/\/hotellaboheme.ro\/casa-oprea-soare\/en\/accommodation\/double-room-with-sofa\/\" rel=\"bookmark\" title=\"Double with sofa\">Double with sofa<\/a><\/h3>\n\t\t\t\t\n\t\t\t\t\t<div class=\"shb-accommodation-listing-description shb-clearfix\">\n\t\t\t\t\t\n\t\t\t\t\t\t<ul>\r\n<li><i class=\"fas fa-user\"><\/i><span>Capacitate:<\/span> 3 adul\u021bi \u0219i 1 copil<\/li>\r\n<li><i class=\"fas fa-ruler-combined\"><\/i><span>Suprafa\u021b\u0103:<\/span> 21 mp<\/li>\r\n<li><i class=\"fas fa-binoculars\"><\/i><span>Vedere:<\/span> Terasa restaurantului Hanu' Berarilor<\/li>\r\n<\/ul>\t\t\t\t\t\n\t\t\t\t\t<\/div>\n\t\t\t\t\n\t\t\t\t<\/div>\n\t\t\t\t\n\t\t\t<!-- END .shb-accommodation-listing-item -->\n\t\t\t<\/div>\n\t\t\n\t\t\t\t\n\t\t\t<!-- BEGIN .shb-accommodation-listing-item -->\n\t\t\t<div class=\"shb-accommodation-listing-item\">\n\t\t\t\t\n\t\t\t\t<div class=\"shb-accommodation-listing-image\">\n\t\t\t\t\t\n\t\t\t\t\t<!--<a href=\"https:\/\/hotellaboheme.ro\/casa-oprea-soare\/accommodation\/single-small-2\/\" rel=\"bookmark\" class=\"shb-accommodation-listing-button1\"><\/a>-->\n\t\t\t\t\t\n\t\t\t\t\t\t\t\t\t\t\t\t\t\t\t<a href=\"https:\/\/hotellaboheme.ro\/casa-oprea-soare\/accommodation\/single-small-2\/\" rel=\"bookmark\">\n\t\t\t\t\t\t<img decoding=\"async\" src=\"https:\/\/hotellaboheme.ro\/casa-oprea-soare\/wp-content\/uploads\/2022\/12\/1-1-1180x710.jpg\" alt=\"Single Small\" \/>\t\t\t\t\t<\/a>\n\t\t\t\t\t\t\t\t\t\t\n\t\t\t\t<\/div>\n\t\t\t\t\n\t\t\t\t<div class=\"shb-accommodation-listing-description-wrapper\">\n\t\t\t\t\n\t\t\t\t\t<h3><a href=\"https:\/\/hotellaboheme.ro\/casa-oprea-soare\/accommodation\/single-small-2\/\" rel=\"bookmark\" title=\"Single Small\">Single Small<\/a><\/h3>\n\t\t\t\t\n\t\t\t\t\t<div class=\"shb-accommodation-listing-description shb-clearfix\">\n\t\t\t\t\t\n\t\t\t\t\t\t<ul>\r\n<li><i class=\"fas fa-user\"><\/i><span>Capacitate:<\/span> 1 adult<\/li>\r\n<li><i class=\"fas fa-ruler-combined\"><\/i><span>Suprafa\u021b\u0103:<\/span> 14 mp<\/li>\r\n<li><i class=\"fas fa-binoculars\"><\/i><span>Vedere:<\/span> Terasa restaurantului Hanu' Berarilor<\/li>\r\n<\/ul>\t\t\t\t\t\n\t\t\t\t\t<\/div>\n\t\t\t\t\n\t\t\t\t<\/div>\n\t\t\t\t\n\t\t\t<!-- END .shb-accommodation-listing-item -->\n\t\t\t<\/div>\n\t\t\n\t\t\t\t\n\t\t\t<!-- BEGIN .shb-accommodation-listing-item -->\n\t\t\t<div class=\"shb-accommodation-listing-item\">\n\t\t\t\t\n\t\t\t\t<div class=\"shb-accommodation-listing-image\">\n\t\t\t\t\t\n\t\t\t\t\t<!--<a href=\"https:\/\/hotellaboheme.ro\/casa-oprea-soare\/accommodation\/single-standard\/\" rel=\"bookmark\" class=\"shb-accommodation-listing-button1\"><\/a>-->\n\t\t\t\t\t\n\t\t\t\t\t\t\t\t\t\t\t\t\t\t\t<a href=\"https:\/\/hotellaboheme.ro\/casa-oprea-soare\/accommodation\/single-standard\/\" rel=\"bookmark\">\n\t\t\t\t\t\t<img decoding=\"async\" src=\"https:\/\/hotellaboheme.ro\/casa-oprea-soare\/wp-content\/uploads\/2022\/06\/4-1180x710.jpg\" alt=\"Single Standard\" \/>\t\t\t\t\t<\/a>\n\t\t\t\t\t\t\t\t\t\t\n\t\t\t\t<\/div>\n\t\t\t\t\n\t\t\t\t<div class=\"shb-accommodation-listing-description-wrapper\">\n\t\t\t\t\n\t\t\t\t\t<h3><a href=\"https:\/\/hotellaboheme.ro\/casa-oprea-soare\/accommodation\/single-standard\/\" rel=\"bookmark\" title=\"Single Standard\">Single Standard<\/a><\/h3>\n\t\t\t\t\n\t\t\t\t\t<div class=\"shb-accommodation-listing-description shb-clearfix\">\n\t\t\t\t\t\n\t\t\t\t\t\t<ul>\r\n<li><i class=\"fas fa-user\"><\/i><span>Capacitate:<\/span> 2 adul\u021bi<\/li>\r\n<li><i class=\"fas fa-ruler-combined\"><\/i><span>Size:<\/span> 14-16 mp<\/li>\r\n<li><i class=\"fas fa-binoculars\"><\/i><span>Vedere:<\/span> Terasa restaurantului Hanu' Berarilor<\/li>\r\n<\/ul>\t\t\t\t\t\n\t\t\t\t\t<\/div>\n\t\t\t\t\n\t\t\t\t<\/div>\n\t\t\t\t\n\t\t\t<!-- END .shb-accommodation-listing-item -->\n\t\t\t<\/div>\n\t\t\n\t\t\t\t\n\t\t\t<!-- BEGIN .shb-accommodation-listing-item -->\n\t\t\t<div class=\"shb-accommodation-listing-item\">\n\t\t\t\t\n\t\t\t\t<div class=\"shb-accommodation-listing-image\">\n\t\t\t\t\t\n\t\t\t\t\t<!--<a href=\"https:\/\/hotellaboheme.ro\/casa-oprea-soare\/en\/accommodation\/single-standard-2\/\" rel=\"bookmark\" class=\"shb-accommodation-listing-button1\"><\/a>-->\n\t\t\t\t\t\n\t\t\t\t\t\t\t\t\t\t\t\t\t\t\t<a href=\"https:\/\/hotellaboheme.ro\/casa-oprea-soare\/en\/accommodation\/single-standard-2\/\" rel=\"bookmark\">\n\t\t\t\t\t\t<img decoding=\"async\" src=\"https:\/\/hotellaboheme.ro\/casa-oprea-soare\/wp-content\/uploads\/2022\/09\/4-1180x710.jpg\" alt=\"Single Standard\" \/>\t\t\t\t\t<\/a>\n\t\t\t\t\t\t\t\t\t\t\n\t\t\t\t<\/div>\n\t\t\t\t\n\t\t\t\t<div class=\"shb-accommodation-listing-description-wrapper\">\n\t\t\t\t\n\t\t\t\t\t<h3><a href=\"https:\/\/hotellaboheme.ro\/casa-oprea-soare\/en\/accommodation\/single-standard-2\/\" rel=\"bookmark\" title=\"Single Standard\">Single Standard<\/a><\/h3>\n\t\t\t\t\n\t\t\t\t\t<div class=\"shb-accommodation-listing-description shb-clearfix\">\n\t\t\t\t\t\n\t\t\t\t\t\t<ul>\r\n<li><i class=\"fas fa-user\"><\/i><span>Capacitate:<\/span> 2 adul\u021bi<\/li>\r\n<li><i class=\"fas fa-ruler-combined\"><\/i><span>Size:<\/span> 14-16 mp<\/li>\r\n<li><i class=\"fas fa-binoculars\"><\/i><span>Vedere:<\/span> Terasa restaurantului Hanu' Berarilor<\/li>\r\n<\/ul>\t\t\t\t\t\n\t\t\t\t\t<\/div>\n\t\t\t\t\n\t\t\t\t<\/div>\n\t\t\t\t\n\t\t\t<!-- END .shb-accommodation-listing-item -->\n\t\t\t<\/div>\n\t\t\n\t\t\t\t\n\t\t\t<!-- BEGIN .shb-accommodation-listing-item -->\n\t\t\t<div class=\"shb-accommodation-listing-item\">\n\t\t\t\t\n\t\t\t\t<div class=\"shb-accommodation-listing-image\">\n\t\t\t\t\t\n\t\t\t\t\t<!--<a href=\"https:\/\/hotellaboheme.ro\/casa-oprea-soare\/accommodation\/twin-standard\/\" rel=\"bookmark\" class=\"shb-accommodation-listing-button1\"><\/a>-->\n\t\t\t\t\t\n\t\t\t\t\t\t\t\t\t\t\t\t\t\t\t<a href=\"https:\/\/hotellaboheme.ro\/casa-oprea-soare\/accommodation\/twin-standard\/\" rel=\"bookmark\">\n\t\t\t\t\t\t<img decoding=\"async\" src=\"https:\/\/hotellaboheme.ro\/casa-oprea-soare\/wp-content\/uploads\/2024\/01\/WhatsApp-Image-2024-01-18-at-14.15.20-1180x710.jpeg\" alt=\"Twin Standard\" \/>\t\t\t\t\t<\/a>\n\t\t\t\t\t\t\t\t\t\t\n\t\t\t\t<\/div>\n\t\t\t\t\n\t\t\t\t<div class=\"shb-accommodation-listing-description-wrapper\">\n\t\t\t\t\n\t\t\t\t\t<h3><a href=\"https:\/\/hotellaboheme.ro\/casa-oprea-soare\/accommodation\/twin-standard\/\" rel=\"bookmark\" title=\"Twin Standard\">Twin Standard<\/a><\/h3>\n\t\t\t\t\n\t\t\t\t\t<div class=\"shb-accommodation-listing-description shb-clearfix\">\n\t\t\t\t\t\n\t\t\t\t\t\t<ul>\r\n<li><i class=\"fas fa-user\"><\/i><span>Capacitate:<\/span> 2 adul\u021bi<\/li>\r\n<li><i class=\"fas fa-ruler-combined\"><\/i><span>Suprafa\u021b\u0103:<\/span> 21 mp<\/li>\r\n<li><i class=\"fas fa-binoculars\"><\/i><span>Vedere:<\/span> Terasa restaurantului Hanu' Berarilor<\/li>\r\n<\/ul>\t\t\t\t\t\n\t\t\t\t\t<\/div>\n\t\t\t\t\n\t\t\t\t<\/div>\n\t\t\t\t\n\t\t\t<!-- END .shb-accommodation-listing-item -->\n\t\t\t<\/div>\n\t\t\n\t\t\t\t\t\n\t\t<!-- END .shb-accommodation-listing-style-2 -->\n\t\t<\/div>\n\t\n\t\t\n\t\t\n\t[\/vc_column][\/vc_row]<\/p>\n<\/section>","protected":false},"excerpt":{"rendered":"<p>[vc_row full_width=&#8221;stretch_row_content&#8221; content_placement=&#8221;middle&#8221; css=&#8221;.vc_custom_1704810843766{padding-top: 150px !important;padding-bottom: 150px !important;background-image: url(https:\/\/hotellaboheme.ro\/casa-oprea-soare\/wp-content\/uploads\/2022\/09\/camere.jpg?id=933) !important;background-position: center !important;background-repeat: no-repeat !important;background-size: cover !important;}&#8221;][vc_column][vc_column_text] Camere [\/vc_column_text][\/vc_column][\/vc_row][vc_row css=&#8221;.vc_custom_1664286950332{margin-top: 30px !important;}&#8221;][vc_column][vc_column_text] At\u00e2t camerele c\u00e2t \u0219i apartamentele disponibile sunt \u00eenv\u0103luite \u00een aerul misterios al atmosferei boeme pe care o puteai \u00eent\u00e2lni \u00een urm\u0103 cu ceva timp \u00een Micul Paris. [\/vc_column_text][\/vc_column][\/vc_row]<\/p>\n<a href=\"https:\/\/hotellaboheme.ro\/casa-oprea-soare\/accommodation\/twin-standard\/\" class=\"sohohotel-more-link\">Cite\u0219te mai mult<\/a>","protected":false},"author":1,"featured_media":0,"parent":0,"menu_order":0,"comment_status":"closed","ping_status":"closed","template":"","meta":{"footnotes":""},"class_list":["post-70","page","type-page","status-publish","hentry"],"_links":{"self":[{"href":"https:\/\/hotellaboheme.ro\/casa-oprea-soare\/wp-json\/wp\/v2\/pages\/70","targetHints":{"allow":["GET"]}}],"collection":[{"href":"https:\/\/hotellaboheme.ro\/casa-oprea-soare\/wp-json\/wp\/v2\/pages"}],"about":[{"href":"https:\/\/hotellaboheme.ro\/casa-oprea-soare\/wp-json\/wp\/v2\/types\/page"}],"author":[{"embeddable":true,"href":"https:\/\/hotellaboheme.ro\/casa-oprea-soare\/wp-json\/wp\/v2\/users\/1"}],"replies":[{"embeddable":true,"href":"https:\/\/hotellaboheme.ro\/casa-oprea-soare\/wp-json\/wp\/v2\/comments?post=70"}],"version-history":[{"count":16,"href":"https:\/\/hotellaboheme.ro\/casa-oprea-soare\/wp-json\/wp\/v2\/pages\/70\/revisions"}],"predecessor-version":[{"id":1150,"href":"https:\/\/hotellaboheme.ro\/casa-oprea-soare\/wp-json\/wp\/v2\/pages\/70\/revisions\/1150"}],"wp:attachment":[{"href":"https:\/\/hotellaboheme.ro\/casa-oprea-soare\/wp-json\/wp\/v2\/media?parent=70"}],"curies":[{"name":"wp","href":"https:\/\/api.w.org\/{rel}","templated":true}]}}