{"id":414,"date":"2022-08-30T12:30:38","date_gmt":"2022-08-30T09:30:38","guid":{"rendered":"https:\/\/hotellaboheme.ro\/?page_id=414"},"modified":"2024-01-09T17:45:14","modified_gmt":"2024-01-09T14:45:14","slug":"ce-sa-vizitezi","status":"publish","type":"page","link":"https:\/\/hotellaboheme.ro\/casa-oprea-soare\/ce-sa-vizitezi\/","title":{"rendered":"Ce s\u0103 vizitezi?"},"content":{"rendered":"<section class=\"wpb-content-wrapper\"><p>[vc_row full_width=&#8221;stretch_row_content&#8221; content_placement=&#8221;middle&#8221; css=&#8221;.vc_custom_1704811390514{padding-top: 150px !important;padding-bottom: 150px !important;background-image: url(https:\/\/hotellaboheme.ro\/casa-oprea-soare\/wp-content\/uploads\/2022\/09\/cesavizitezi2.jpg?id=939) !important;background-position: center !important;background-repeat: no-repeat !important;background-size: cover !important;}&#8221;][vc_column][vc_column_text el_class=&#8221;page-title&#8221;]<\/p>\n<h1 style=\"text-align: center; color: #fff;\"><strong>Ce s\u0103 vizitezi?<\/strong><\/h1>\n<p>[\/vc_column_text][\/vc_column][\/vc_row][vc_row fixed_width=&#8221;true&#8221; css=&#8221;.vc_custom_1664287984548{margin-top: 30px !important;margin-bottom: 0px !important;border-top-width: 0px !important;border-bottom-width: 0px !important;padding-top: 10px !important;padding-bottom: 0px !important;}&#8221;][vc_column css=&#8221;.vc_custom_1627562322556{margin-top: 0px !important;margin-bottom: 0px !important;border-top-width: 0px !important;border-bottom-width: 0px !important;padding-top: 0px !important;padding-bottom: 0px !important;}&#8221;][vc_column_text]Pozi\u021bionarea perfecta a hotelului \u00een centrul Bucure\u0219tiului faciliteaz\u0103 deplas\u0103rile \u0219i cunoa\u0219terea capitalei at\u00e2t prin identitatea ei istoric\u0103 \u0219i cultural\u0103, c\u00e2t \u0219i prin identitatea modern\u0103.<\/p>\n<p>Descoperirea Centrului Istoric al Bucure\u0219tiului este fascinant\u0103 prin \u00eenc\u0103rc\u0103tura cultural\u0103 deosebit\u0103 pe care o prezint\u0103. Aleg\u00e2nd La Boh\u00e8me, po\u021bi descoperi atrac\u021biile istorice principale \u00eentr-o plimbare fermec\u0103toare la pas, printre cl\u0103dirile care men\u021bin aerul de poveste al timpurilor trecute.<\/p>\n<p>Printre aceste atrac\u021bii se num\u0103r\u0103: <strong>Muzeul Na\u021bional de Istorie, Muzeul Curtea Veche, elegantul pasaj Macca-Villacrosse, Palatul Cec, Hanul cu Tei, Biserica \u201eBuna Vestire\u201d, Biserica Stravropoleos<\/strong> \u0219i, nu \u00een ultimul r\u00e2nd, <strong>Caru\u2019 cu bere<\/strong> \u0219i <strong>Hanu\u2019 lui Manuc<\/strong>, unde pute\u021bi servi masa \u00eentr-un cadru istoric celebru.<\/p>\n<p>\u00cen plus, Centrul Vechi g\u0103zduie\u0219te ruinele unor vechi cet\u0103\u021bi, care pot fi admirate de turi\u0219tii interesa\u021bi .<\/p>\n<p>Chiar \u0219i \u00een incinta hotelului, programul t\u0103u va primi un plus de divertisment \u0219i elegan\u021b\u0103 prin evenimentele \u0219i momentele de muzic\u0103 live organizate \u00een saloanele de la parter. Acustica impecabil\u0103 a cl\u0103dirii face posibil\u0103 destinderea atmosferii prin serile relaxante \u00eempreun\u0103.<\/p>\n<p>Plec\u00e2nd din centrul Bucure\u0219tiului, po\u021bi ajunge cu u\u0219urin\u021b\u0103 \u0219i \u00een alte loca\u021bii populare din punct de vedere turistic: <strong>Gr\u0103dina Botanic\u0103, Muzeul Cotroceni, Casa Ceau\u0219escu, Cartierul Cotroceni, Muzeul Na\u021bional de Art\u0103 Contemporan\u0103<\/strong> \u0219i <strong>Calea Victoriei<\/strong> sunt doar c\u00e2teva dintre locurile care \u00ee\u021bi vor marca \u0219ederea \u00een Bucure\u0219ti.[\/vc_column_text][vc_column_text]<\/p>\n\n\t\t<div id='gallery-1' class='gallery galleryid-414 gallery-columns-3 gallery-size-full'><div class='gallery-item'><div class='gallery-icon'><a href=\"https:\/\/hotellaboheme.ro\/casa-oprea-soare\/wp-content\/uploads\/2022\/09\/De-la-Diego-Delso-CC-BY-SA-4.0-httpscommons.wikimedia.orgwindex.phpcurid51245580.jpg\" data-gal=\"prettyPhoto[gallery-1]\" title=\"De la Diego Delso, CC BY-SA 4.0, httpscommons.wikimedia.orgwindex.phpcurid=51245580\"><img decoding=\"async\" src=\"https:\/\/hotellaboheme.ro\/casa-oprea-soare\/wp-content\/uploads\/2022\/09\/De-la-Diego-Delso-CC-BY-SA-4.0-httpscommons.wikimedia.orgwindex.phpcurid51245580.jpg\" alt=\"\" \/><\/a><\/div>\n\t\t\t\t<div class='wp-caption-text gallery-caption'>\n\t\t\t\tDe la Diego Delso, CC BY-SA 4.0, commons.wikimedia. orgwindex.php\n\t\t\t\t<\/div><\/div><div class='gallery-item'><div class='gallery-icon'><a href=\"https:\/\/hotellaboheme.ro\/casa-oprea-soare\/wp-content\/uploads\/2022\/09\/@wikipedia-Stavropoleos_Bucharest_Romania.jpg\" data-gal=\"prettyPhoto[gallery-1]\" title=\"@wikipedia &#8211; Stavropoleos,_Bucharest_(Romania)\"><img decoding=\"async\" src=\"https:\/\/hotellaboheme.ro\/casa-oprea-soare\/wp-content\/uploads\/2022\/09\/@wikipedia-Stavropoleos_Bucharest_Romania.jpg\" alt=\"\" \/><\/a><\/div>\n\t\t\t\t<div class='wp-caption-text gallery-caption'>\n\t\t\t\t@wikipedia &#8211; Stavropoleos,_Bucharest_(Romania)\n\t\t\t\t<\/div><\/div><div class='gallery-item'><div class='gallery-icon'><a href=\"https:\/\/hotellaboheme.ro\/casa-oprea-soare\/wp-content\/uploads\/2022\/09\/Hanu-lui-Manuc-1.jpg\" data-gal=\"prettyPhoto[gallery-1]\" title=\"Hanu lui Manuc (1)\"><img decoding=\"async\" src=\"https:\/\/hotellaboheme.ro\/casa-oprea-soare\/wp-content\/uploads\/2022\/09\/Hanu-lui-Manuc-1.jpg\" alt=\"\" \/><\/a><\/div>\n\t\t\t\t<div class='wp-caption-text gallery-caption'>\n\t\t\t\tHanu lui Manuc\n\t\t\t\t<\/div><\/div><div class='gallery-item'><div class='gallery-icon'><a href=\"https:\/\/hotellaboheme.ro\/casa-oprea-soare\/wp-content\/uploads\/2022\/09\/Hanu-lui-Manuc-2.jpg\" data-gal=\"prettyPhoto[gallery-1]\" title=\"Hanu lui Manuc (2)\"><img decoding=\"async\" src=\"https:\/\/hotellaboheme.ro\/casa-oprea-soare\/wp-content\/uploads\/2022\/09\/Hanu-lui-Manuc-2.jpg\" alt=\"\" \/><\/a><\/div>\n\t\t\t\t<div class='wp-caption-text gallery-caption'>\n\t\t\t\tHanu lui Manuc\n\t\t\t\t<\/div><\/div><div class='gallery-item'><div class='gallery-icon'><a href=\"https:\/\/hotellaboheme.ro\/casa-oprea-soare\/wp-content\/uploads\/2022\/09\/Hanu-lui-Manuc-3.jpg\" data-gal=\"prettyPhoto[gallery-1]\" title=\"Hanu lui Manuc (3)\"><img decoding=\"async\" src=\"https:\/\/hotellaboheme.ro\/casa-oprea-soare\/wp-content\/uploads\/2022\/09\/Hanu-lui-Manuc-3.jpg\" alt=\"\" \/><\/a><\/div>\n\t\t\t\t<div class='wp-caption-text gallery-caption'>\n\t\t\t\tHanu lui Manuc\n\t\t\t\t<\/div><\/div><div class='gallery-item'><div class='gallery-icon'><a href=\"https:\/\/hotellaboheme.ro\/casa-oprea-soare\/wp-content\/uploads\/2022\/09\/Muzeul-National-de-Istorie.jpg\" data-gal=\"prettyPhoto[gallery-1]\" title=\"Muzeul National de Istorie\"><img decoding=\"async\" src=\"https:\/\/hotellaboheme.ro\/casa-oprea-soare\/wp-content\/uploads\/2022\/09\/Muzeul-National-de-Istorie.jpg\" alt=\"\" \/><\/a><\/div>\n\t\t\t\t<div class='wp-caption-text gallery-caption'>\n\t\t\t\tMuzeul National de Istorie\n\t\t\t\t<\/div><\/div><div class='gallery-item'><div class='gallery-icon'><a href=\"https:\/\/hotellaboheme.ro\/casa-oprea-soare\/wp-content\/uploads\/2022\/09\/@wikipedia-Macca_Villacrosse_Passage.jpg\" data-gal=\"prettyPhoto[gallery-1]\" title=\"@wikipedia &#8211; Macca_Villacrosse_Passage\"><img decoding=\"async\" src=\"https:\/\/hotellaboheme.ro\/casa-oprea-soare\/wp-content\/uploads\/2022\/09\/@wikipedia-Macca_Villacrosse_Passage.jpg\" alt=\"\" \/><\/a><\/div>\n\t\t\t\t<div class='wp-caption-text gallery-caption'>\n\t\t\t\t@wikipedia &#8211; Macca_Villacrosse_Passage\n\t\t\t\t<\/div><\/div><div class='gallery-item'><div class='gallery-icon'><a href=\"https:\/\/hotellaboheme.ro\/casa-oprea-soare\/wp-content\/uploads\/2022\/09\/Caru-cu-bere-copy-wright-Simon-Gruber-2.jpeg\" data-gal=\"prettyPhoto[gallery-1]\" title=\"Caru cu bere &#8211; copy wright &#8211; Simon Gruber (2)\"><img decoding=\"async\" src=\"https:\/\/hotellaboheme.ro\/casa-oprea-soare\/wp-content\/uploads\/2022\/09\/Caru-cu-bere-copy-wright-Simon-Gruber-2.jpeg\" alt=\"\" \/><\/a><\/div>\n\t\t\t\t<div class='wp-caption-text gallery-caption'>\n\t\t\t\tCaru cu bere &#8211; copyright &#8211; Simon Gruber  (2)\n\t\t\t\t<\/div><\/div><div class='gallery-item'><div class='gallery-icon'><a href=\"https:\/\/hotellaboheme.ro\/casa-oprea-soare\/wp-content\/uploads\/2022\/09\/Caru-cu-bere-copy-wright-Simon-Gruber-.jpeg\" data-gal=\"prettyPhoto[gallery-1]\" title=\"Caru cu bere &#8211; copy wright &#8211; Simon Gruber\"><img decoding=\"async\" src=\"https:\/\/hotellaboheme.ro\/casa-oprea-soare\/wp-content\/uploads\/2022\/09\/Caru-cu-bere-copy-wright-Simon-Gruber-.jpeg\" alt=\"\" \/><\/a><\/div>\n\t\t\t\t<div class='wp-caption-text gallery-caption'>\n\t\t\t\tCaru cu bere &#8211; copyright &#8211; Simon Gruber \n\t\t\t\t<\/div><\/div><div class='gallery-item'><div class='gallery-icon'><a href=\"https:\/\/hotellaboheme.ro\/casa-oprea-soare\/wp-content\/uploads\/2022\/09\/Caru-cu-bere-copy-wright-Simon-Gruber.jpeg\" data-gal=\"prettyPhoto[gallery-1]\" title=\"Caru cu bere &#8211; copy wright &#8211; Simon Gruber\"><img decoding=\"async\" src=\"https:\/\/hotellaboheme.ro\/casa-oprea-soare\/wp-content\/uploads\/2022\/09\/Caru-cu-bere-copy-wright-Simon-Gruber.jpeg\" alt=\"\" \/><\/a><\/div>\n\t\t\t\t<div class='wp-caption-text gallery-caption'>\n\t\t\t\tCaru cu bere &#8211; copyright &#8211; Simon Gruber\n\t\t\t\t<\/div><\/div><div class='gallery-item'><div class='gallery-icon'><a href=\"https:\/\/hotellaboheme.ro\/casa-oprea-soare\/wp-content\/uploads\/2024\/01\/WhatsApp-Image-2024-01-09-at-13.07.07.jpeg\" data-gal=\"prettyPhoto[gallery-1]\" title=\"WhatsApp Image 2024-01-09 at 13.07.07\"><img decoding=\"async\" src=\"https:\/\/hotellaboheme.ro\/casa-oprea-soare\/wp-content\/uploads\/2024\/01\/WhatsApp-Image-2024-01-09-at-13.07.07.jpeg\" alt=\"\" \/><\/a><\/div>\n\t\t\t\t<div class='wp-caption-text gallery-caption'>\n\t\t\t\twikipedia &#8211; Bucuresti, Romania; MUZEUL NATIONAL COTROCENI (Holul_de_la_intrare) (5)_(B-II-a-A-19152)\n\t\t\t\t<\/div><\/div><div class='gallery-item'><div class='gallery-icon'><a href=\"https:\/\/hotellaboheme.ro\/casa-oprea-soare\/wp-content\/uploads\/2022\/09\/Caru-cu-bere.jpg\" data-gal=\"prettyPhoto[gallery-1]\" title=\"Caru cu bere\"><img decoding=\"async\" src=\"https:\/\/hotellaboheme.ro\/casa-oprea-soare\/wp-content\/uploads\/2022\/09\/Caru-cu-bere.jpg\" alt=\"\" \/><\/a><\/div>\n\t\t\t\t<div class='wp-caption-text gallery-caption'>\n\t\t\t\tCaru cu bere\n\t\t\t\t<\/div><\/div>\n\t\t\t<br style='clear: both;' \/>\n\t\t<\/div>\n\n<p>[\/vc_column_text][\/vc_column][\/vc_row][vc_row css=&#8221;.vc_custom_1627553435640{margin-top: 0px !important;margin-right: 0px !important;margin-bottom: 45px !important;margin-left: 0px !important;border-top-width: 0px !important;border-right-width: 0px !important;border-bottom-width: 0px !important;border-left-width: 0px !important;padding-top: 0px !important;padding-right: 0px !important;padding-bottom: 0px !important;padding-left: 0px !important;}&#8221;][vc_column css=&#8221;.vc_custom_1627553414681{margin-top: 0px !important;margin-right: 0px !important;margin-bottom: 0px !important;margin-left: 0px !important;border-top-width: 0px !important;border-right-width: 0px !important;border-bottom-width: 0px !important;border-left-width: 0px !important;padding-top: 0px !important;padding-right: 0px !important;padding-bottom: 0px !important;padding-left: 0px !important;}&#8221;][vc_separator color=&#8221;custom&#8221; accent_color=&#8221;#dedede&#8221;][\/vc_column][\/vc_row]<\/p>\n<\/section>","protected":false},"excerpt":{"rendered":"<p>[vc_row full_width=&#8221;stretch_row_content&#8221; content_placement=&#8221;middle&#8221; css=&#8221;.vc_custom_1704811390514{padding-top: 150px !important;padding-bottom: 150px !important;background-image: url(https:\/\/hotellaboheme.ro\/casa-oprea-soare\/wp-content\/uploads\/2022\/09\/cesavizitezi2.jpg?id=939) !important;background-position: center !important;background-repeat: no-repeat !important;background-size: cover !important;}&#8221;][vc_column][vc_column_text el_class=&#8221;page-title&#8221;] Ce s\u0103 vizitezi? [\/vc_column_text][\/vc_column][\/vc_row][vc_row fixed_width=&#8221;true&#8221; css=&#8221;.vc_custom_1664287984548{margin-top: 30px !important;margin-bottom: 0px !important;border-top-width: 0px !important;border-bottom-width: 0px !important;padding-top: 10px !important;padding-bottom: 0px !important;}&#8221;][vc_column css=&#8221;.vc_custom_1627562322556{margin-top: 0px !important;margin-bottom: 0px !important;border-top-width: 0px !important;border-bottom-width: 0px !important;padding-top: 0px !important;padding-bottom: 0px !important;}&#8221;][vc_column_text]Pozi\u021bionarea perfecta a hotelului \u00een centrul Bucure\u0219tiului faciliteaz\u0103<\/p>\n<a href=\"https:\/\/hotellaboheme.ro\/casa-oprea-soare\/ce-sa-vizitezi\/\" class=\"sohohotel-more-link\">Cite\u0219te mai mult<\/a>","protected":false},"author":1,"featured_media":0,"parent":0,"menu_order":0,"comment_status":"closed","ping_status":"closed","template":"","meta":{"footnotes":""},"class_list":["post-414","page","type-page","status-publish","hentry"],"_links":{"self":[{"href":"https:\/\/hotellaboheme.ro\/casa-oprea-soare\/wp-json\/wp\/v2\/pages\/414","targetHints":{"allow":["GET"]}}],"collection":[{"href":"https:\/\/hotellaboheme.ro\/casa-oprea-soare\/wp-json\/wp\/v2\/pages"}],"about":[{"href":"https:\/\/hotellaboheme.ro\/casa-oprea-soare\/wp-json\/wp\/v2\/types\/page"}],"author":[{"embeddable":true,"href":"https:\/\/hotellaboheme.ro\/casa-oprea-soare\/wp-json\/wp\/v2\/users\/1"}],"replies":[{"embeddable":true,"href":"https:\/\/hotellaboheme.ro\/casa-oprea-soare\/wp-json\/wp\/v2\/comments?post=414"}],"version-history":[{"count":17,"href":"https:\/\/hotellaboheme.ro\/casa-oprea-soare\/wp-json\/wp\/v2\/pages\/414\/revisions"}],"predecessor-version":[{"id":1162,"href":"https:\/\/hotellaboheme.ro\/casa-oprea-soare\/wp-json\/wp\/v2\/pages\/414\/revisions\/1162"}],"wp:attachment":[{"href":"https:\/\/hotellaboheme.ro\/casa-oprea-soare\/wp-json\/wp\/v2\/media?parent=414"}],"curies":[{"name":"wp","href":"https:\/\/api.w.org\/{rel}","templated":true}]}}